{"id":353,"date":"2022-09-05T23:16:43","date_gmt":"2022-09-05T20:16:43","guid":{"rendered":"https:\/\/www.erzinartemisotel.com\/?page_id=353"},"modified":"2022-09-05T23:28:58","modified_gmt":"2022-09-05T20:28:58","slug":"aile-odalari","status":"publish","type":"page","link":"https:\/\/www.erzinartemisotel.com\/index.php\/aile-odalari\/","title":{"rendered":"Aile Odalar\u0131"},"content":{"rendered":"<p>[vc_row full_width=&#8221;stretch_row_content&#8221; full_height=&#8221;yes&#8221; columns_placement=&#8221;top&#8221;][vc_column][vc_text_separator title=&#8221;Aile Odalar\u0131&#8221; i_icon_fontawesome=&#8221;fas fa-users&#8221; i_color=&#8221;custom&#8221; color=&#8221;custom&#8221; style=&#8221;shadow&#8221; css_animation=&#8221;fadeInDown&#8221; add_icon=&#8221;true&#8221; i_custom_color=&#8221;#29bdbe&#8221; accent_color=&#8221;#29bdbe&#8221;][vc_column_text css_animation=&#8221;fadeInDown&#8221;]<\/p>\n<p style=\"text-align: center;\">Aileleri i\u00e7in \u00f6zel tasarlanm\u0131\u015f olan Aile Odalar\u0131, hem i\u015flevsel hem de estetik olmalar\u0131 ile rahatlat\u0131c\u0131 bir atmosfer sunmaktad\u0131r. Aileler i\u00e7in en uygun konumlarda \u00f6zenle haz\u0131rlanan odalar, ayn\u0131 zamanda manzaralar\u0131 ile \u00f6ne \u00e7\u0131kmaktad\u0131r.<\/p>\n<div class=\"row\">\n<div class=\"col-xl-12 standartRoomProperty\">\n<div class=\"row\">\n<div class=\"col-xl-3 roomProperties\" style=\"text-align: center;\">\n<div class=\"propertyFunctions\">\n<p>&nbsp;<\/p>\n<h4 class=\"propertyHeader\">Buklet,Terlik<\/h4>\n<p class=\"propertyText\">Oda i\u00e7erisinde kullanabilece\u011finiz, size \u00f6zel \u015fekilde haz\u0131rlanm\u0131\u015f buklet, terlik gibi e\u015fyalar bulunur.<\/p>\n<\/div>\n<\/div>\n<div class=\"col-xl-3 roomProperties\" style=\"text-align: center;\">\n<div class=\"propertyFunctions\">\n<p>&nbsp;<\/p>\n<h4 class=\"propertyHeader\">Oda S\u0131cakl\u0131\u011f\u0131<\/h4>\n<p class=\"propertyText\">Merkezi \u0131s\u0131tma sistemi sayesinde her odan\u0131n s\u0131cakl\u0131\u011f\u0131, insan v\u00fccuduna en uygun \u015fekilde ayarlanmaktad\u0131r.<\/p>\n<\/div>\n<\/div>\n<div class=\"col-xl-3 roomProperties\" style=\"text-align: center;\">\n<div class=\"propertyFunctions\">\n<p>&nbsp;<\/p>\n<h4 class=\"propertyHeader\">Direk Telefon<\/h4>\n<p class=\"propertyText\">Otelin her b\u00f6l\u00fcm\u00fcn\u00fc 7\/24 arayabilece\u011finiz \u015fekilde hizmetinize sunulmu\u015f dahili hatlard\u0131r.<\/p>\n<\/div>\n<\/div>\n<div class=\"col-xl-3 roomProperties\" style=\"text-align: center;\">\n<div class=\"propertyFunctions\">\n<p>&nbsp;<\/p>\n<h4 class=\"propertyHeader\">Mini Fridge<\/h4>\n<p class=\"propertyText\">Her odada misafirlerimizin ihtiya\u00e7lar\u0131 do\u011frultusunda haz\u0131rlanm\u0131\u015f mini buzdolaplar\u0131 bulunmaktad\u0131r.<\/p>\n<\/div>\n<\/div>\n<div class=\"col-xl-3 roomProperties\" style=\"text-align: center;\">\n<div class=\"propertyFunctions\">\n<p>&nbsp;<\/p>\n<h4 class=\"propertyHeader\">Full HD Led TV<\/h4>\n<p class=\"propertyText\">Bir\u00e7ok uluslararas\u0131 ve yerli kanal\u0131 izleyebilece\u011finiz y\u00fcksek \u00e7\u00f6z\u00fcn\u00fcrl\u00fckl\u00fc Led TV\u2019ler, Standart Oda b\u00fcnyesinde mevcuttur.<\/p>\n<\/div>\n<\/div>\n<div class=\"col-xl-3 roomProperties\" style=\"text-align: center;\">\n<div class=\"propertyFunctions\">\n<p>&nbsp;<\/p>\n<h4 class=\"propertyHeader\">Banyo<\/h4>\n<p class=\"propertyText\">Hijyenik yap\u0131s\u0131 ve konforlu kullan\u0131m\u0131 ile hizmetinizdedir. T\u00fcm odalarda oldu\u011fu gibi Standart Oda banyolar\u0131nda ihtiyac\u0131n\u0131z olabilecek t\u00fcm materyalleri bulabilirsiniz.<\/p>\n<\/div>\n<\/div>\n<div class=\"col-xl-3 roomProperties\" style=\"text-align: center;\">\n<div class=\"propertyFunctions\">\n<p>&nbsp;<\/p>\n<h4 class=\"propertyHeader\">Yatak Odas\u0131<\/h4>\n<p class=\"propertyText\">\u00c7ift ya da tek ki\u015filik se\u00e7enekleri, konforlu ve ergonomik yataklar\u0131, ihtiya\u00e7 dahilindeki ek servisleri ile hizmetinizdedir.<\/p>\n<\/div>\n<\/div>\n<div class=\"col-xl-3 roomProperties\">\n<div class=\"propertyFunctions\">\n<p>&nbsp;<\/p>\n<h4 class=\"propertyHeader\" style=\"text-align: center;\">Su Is\u0131t\u0131c\u0131s\u0131 \/ \u00c7ay-Kahve Seti<\/h4>\n<p class=\"propertyText\" style=\"text-align: center;\">Misafirlerimizin g\u00fcn\u00fcn her saatinde s\u0131cak i\u00e7eceklerini haz\u0131rlayabilecekleri kahve seti mevcuttur.<\/p>\n<\/div>\n<\/div>\n<\/div>\n<\/div>\n<\/div>\n<p>[\/vc_column_text][\/vc_column][\/vc_row][vc_row][vc_column][\/vc_column][\/vc_row]<\/p>\n","protected":false},"excerpt":{"rendered":"<p>[vc_row full_width=&#8221;stretch_row_content&#8221; full_height=&#8221;yes&#8221; columns_placement=&#8221;top&#8221;][vc_column][vc_text_separator title=&#8221;Aile Odalar\u0131&#8221; i_icon_fontawesome=&#8221;fas fa-users&#8221; i_color=&#8221;custom&#8221; color=&#8221;custom&#8221; style=&#8221;shadow&#8221; css_animation=&#8221;fadeInDown&#8221; add_icon=&#8221;true&#8221; i_custom_color=&#8221;#29bdbe&#8221; accent_color=&#8221;#29bdbe&#8221;][vc_column_text css_animation=&#8221;fadeInDown&#8221;] Aileleri i\u00e7in \u00f6zel tasarlanm\u0131\u015f olan Aile Odalar\u0131, hem i\u015flevsel hem de estetik olmalar\u0131 ile rahatlat\u0131c\u0131 bir atmosfer sunmaktad\u0131r. Aileler i\u00e7in en uygun konumlarda \u00f6zenle haz\u0131rlanan odalar, ayn\u0131 zamanda manzaralar\u0131 ile \u00f6ne \u00e7\u0131kmaktad\u0131r. &nbsp; Buklet,Terlik Oda i\u00e7erisinde kullanabilece\u011finiz, size \u00f6zel&hellip; <\/p>\n","protected":false},"author":1,"featured_media":0,"parent":0,"menu_order":0,"comment_status":"closed","ping_status":"closed","template":"","meta":[],"_links":{"self":[{"href":"https:\/\/www.erzinartemisotel.com\/index.php\/wp-json\/wp\/v2\/pages\/353"}],"collection":[{"href":"https:\/\/www.erzinartemisotel.com\/index.php\/wp-json\/wp\/v2\/pages"}],"about":[{"href":"https:\/\/www.erzinartemisotel.com\/index.php\/wp-json\/wp\/v2\/types\/page"}],"author":[{"embeddable":true,"href":"https:\/\/www.erzinartemisotel.com\/index.php\/wp-json\/wp\/v2\/users\/1"}],"replies":[{"embeddable":true,"href":"https:\/\/www.erzinartemisotel.com\/index.php\/wp-json\/wp\/v2\/comments?post=353"}],"version-history":[{"count":6,"href":"https:\/\/www.erzinartemisotel.com\/index.php\/wp-json\/wp\/v2\/pages\/353\/revisions"}],"predecessor-version":[{"id":360,"href":"https:\/\/www.erzinartemisotel.com\/index.php\/wp-json\/wp\/v2\/pages\/353\/revisions\/360"}],"wp:attachment":[{"href":"https:\/\/www.erzinartemisotel.com\/index.php\/wp-json\/wp\/v2\/media?parent=353"}],"curies":[{"name":"wp","href":"https:\/\/api.w.org\/{rel}","templated":true}]}}